

{"id":31,"date":"2019-04-01T00:00:01","date_gmt":"2019-03-31T22:00:01","guid":{"rendered":"http:\/\/blog.fresel.at\/?page_id=31"},"modified":"2025-06-09T11:38:40","modified_gmt":"2025-06-09T09:38:40","slug":"imprint","status":"publish","type":"page","link":"https:\/\/blog.koeckeis-fresel.net\/?page_id=31","title":{"rendered":"Imprint"},"content":{"rendered":"\n<p>Server powered by <a href=\"https:\/\/hetzner.cloud\/?ref=7NRhCBgXxWdx\" target=\"_blank\" rel=\"noreferrer noopener\">hetzner.de<\/a><\/p>\n\n\n\n<p>Server protected by <a href=\"https:\/\/safepoint.cloud\/landing\/safeline\" target=\"_blank\" rel=\"noreferrer noopener\">SafeLine<\/a><\/p>\n\n\n\n<p>Offenlegung nach \u00a7 25 Mediengesetz <\/p>\n\n\n\n<pre class=\"wp-block-preformatted\">Koeckeis-Fresel Michal <br>1190 Wien <br><br>blog -AT- koeckeis-fresel {.} net<\/pre>\n\n\n\n<p>Alle Informationen beruhen auf Quellen, die ich f\u00fcr glaubw\u00fcrdig halte. Die in den Artikeln vertretenen Ansichten geben ausschlie\u00dflich meine Meinung wieder. Trotz sorgf\u00e4ltiger Bearbeitung \u00fcbernehme ich f\u00fcr die Richtigkeit der Angaben und Beitr\u00e4ge keine Gew\u00e4hr.<\/p>\n\n\n\n<a href=\"http:\/\/creativecommons.org\/licenses\/by\/4.0\/\" rel=\"license\"><img decoding=\"async\" style=\"border-width: 0;\" src=\"https:\/\/i1.wp.com\/i.creativecommons.org\/l\/by\/4.0\/88x31.png?w=700&amp;ssl=1\" alt=\"Creative Commons Lizenzvertrag\" data-recalc-dims=\"1\"><\/a><br>\nTexte und Bilder diese Webseite sind, sofern nicht anders angegeben, lizenziert unter einer <a href=\"http:\/\/creativecommons.org\/licenses\/by\/4.0\/\" rel=\"license\">Creative Commons Namensnennung 4.0 International Lizenz<\/a>\n","protected":false},"excerpt":{"rendered":"<p>Server powered by hetzner.de Server protected by SafeLine Offenlegung nach \u00a7 25 Mediengesetz Koeckeis-Fresel Michal 1190 Wien blog -AT- koeckeis-fresel {.} net Alle Informationen beruhen auf Quellen, die ich f\u00fcr glaubw\u00fcrdig halte. Die in den Artikeln vertretenen Ansichten geben ausschlie\u00dflich meine Meinung wieder. Trotz sorgf\u00e4ltiger Bearbeitung \u00fcbernehme ich f\u00fcr die Richtigkeit der Angaben und Beitr\u00e4ge [&hellip;]<\/p>\n","protected":false},"author":1,"featured_media":0,"parent":0,"menu_order":0,"comment_status":"closed","ping_status":"closed","template":"","meta":{"advanced_seo_description":"","jetpack_seo_html_title":"","jetpack_seo_noindex":false,"footnotes":""},"class_list":["post-31","page","type-page","status-publish","hentry"],"jetpack_sharing_enabled":true,"jetpack_likes_enabled":true,"jetpack-related-posts":[{"id":3,"url":"https:\/\/blog.koeckeis-fresel.net\/?page_id=3","url_meta":{"origin":31,"position":0},"title":"Privacy-Policy","author":"mf","date":"2019-04-01","format":false,"excerpt":"Server powered by hetzner.de Wer wir sind Die Adresse unserer Website ist: https:\/\/blog.koeckeis-fresel.net. Welche personenbezogenen Daten wir sammeln und warum wir sie sammeln Kommentare Wenn Besucher Kommentare auf der Website schreiben, sammeln wir die Daten, die im Kommentar-Formular angezeigt werden, au\u00dferdem die IP-Adresse des Besuchers und den User-Agent-String (damit wird\u2026","rel":"","context":"Similar post","block_context":{"text":"Similar post","link":""},"img":{"alt_text":"","src":"","width":0,"height":0},"classes":[]}],"_links":{"self":[{"href":"https:\/\/blog.koeckeis-fresel.net\/index.php?rest_route=\/wp\/v2\/pages\/31","targetHints":{"allow":["GET"]}}],"collection":[{"href":"https:\/\/blog.koeckeis-fresel.net\/index.php?rest_route=\/wp\/v2\/pages"}],"about":[{"href":"https:\/\/blog.koeckeis-fresel.net\/index.php?rest_route=\/wp\/v2\/types\/page"}],"author":[{"embeddable":true,"href":"https:\/\/blog.koeckeis-fresel.net\/index.php?rest_route=\/wp\/v2\/users\/1"}],"replies":[{"embeddable":true,"href":"https:\/\/blog.koeckeis-fresel.net\/index.php?rest_route=%2Fwp%2Fv2%2Fcomments&post=31"}],"version-history":[{"count":3,"href":"https:\/\/blog.koeckeis-fresel.net\/index.php?rest_route=\/wp\/v2\/pages\/31\/revisions"}],"predecessor-version":[{"id":831,"href":"https:\/\/blog.koeckeis-fresel.net\/index.php?rest_route=\/wp\/v2\/pages\/31\/revisions\/831"}],"wp:attachment":[{"href":"https:\/\/blog.koeckeis-fresel.net\/index.php?rest_route=%2Fwp%2Fv2%2Fmedia&parent=31"}],"curies":[{"name":"wp","href":"https:\/\/api.w.org\/{rel}","templated":true}]}}