

{"id":3,"date":"2019-04-01T00:00:59","date_gmt":"2019-03-31T22:00:59","guid":{"rendered":"http:\/\/159.69.39.196\/?page_id=3"},"modified":"2025-06-09T11:40:12","modified_gmt":"2025-06-09T09:40:12","slug":"privacy_policy","status":"publish","type":"page","link":"https:\/\/blog.koeckeis-fresel.net\/?page_id=3","title":{"rendered":"Privacy-Policy"},"content":{"rendered":"\n<p>Server powered by <a href=\"https:\/\/hetzner.cloud\/?ref=7NRhCBgXxWdx\">hetzner.de<\/a><\/p>\n\n\n\n<h2 class=\"wp-block-heading\">Wer wir sind<\/h2>\n\n\n\n<p>Die Adresse unserer Website ist: https:\/\/blog.koeckeis-fresel.net.<\/p>\n\n\n\n<h2 class=\"wp-block-heading\">Welche personenbezogenen Daten wir sammeln und warum wir sie sammeln<\/h2>\n\n\n\n<h3 class=\"wp-block-heading\">Kommentare<\/h3>\n\n\n\n<p>Wenn Besucher Kommentare auf der Website schreiben, sammeln wir die Daten, die im Kommentar-Formular angezeigt werden, au\u00dferdem die IP-Adresse des Besuchers und den User-Agent-String (damit wird der Browser identifiziert), um die Erkennung von Spam zu unterst\u00fctzen.<\/p>\n\n\n\n<p>Aus deiner E-Mail-Adresse kann eine anonymisierte Zeichenfolge erstellt (auch Hash genannt) und dem Gravatar-Dienst \u00fcbergeben werden, um zu pr\u00fcfen, ob du diesen benutzt. Die Datenschutzerkl\u00e4rung des Gravatar-Dienstes findest du hier: https:\/\/automattic.com\/privacy\/. Nachdem dein Kommentar freigegeben wurde, ist dein Profilbild \u00f6ffentlich im Kontext deines Kommentars sichtbar.<\/p>\n\n\n\n<h3 class=\"wp-block-heading\">Medien<\/h3>\n\n\n\n<p>Wenn du ein registrierter Benutzer bist und Fotos auf diese Website l\u00e4dst, solltest du vermeiden, Fotos mit einem EXIF-GPS-Standort hochzuladen. Besucher dieser Website k\u00f6nnten Fotos, die auf dieser Website gespeichert sind, herunterladen und deren Standort-Informationen extrahieren.<\/p>\n\n\n\n<h3 class=\"wp-block-heading\">Kontaktformulare<\/h3>\n\n\n\n<h3 class=\"wp-block-heading\">Cookies<\/h3>\n\n\n\n<p>Wenn du einen Kommentar auf unserer Website schreibst, kann das eine Einwilligung sein, deinen Namen, E-Mail-Adresse und Website in Cookies zu speichern. Dies ist eine Komfortfunktion, damit du nicht, wenn du einen weiteren Kommentar schreibst, all diese Daten erneut eingeben musst. Diese Cookies werden ein Jahr lang gespeichert.<\/p>\n\n\n\n<p>Falls du ein Konto hast und dich auf dieser Website anmeldest, werden wir ein tempor\u00e4res Cookie setzen, um festzustellen, ob dein Browser Cookies akzeptiert. Dieses Cookie enth\u00e4lt keine personenbezogenen Daten und wird verworfen, wenn du deinen Browser schlie\u00dft.<\/p>\n\n\n\n<p>Wenn du dich anmeldest, werden wir einige Cookies einrichten, um deine Anmeldeinformationen und Anzeigeoptionen zu speichern. Anmelde-Cookies verfallen nach zwei Tagen und Cookies f\u00fcr die Anzeigeoptionen nach einem Jahr. Falls du bei der Anmeldung \u201eAngemeldet bleiben\u201c ausw\u00e4hlst, wird deine Anmeldung zwei Wochen lang aufrechterhalten. Mit der Abmeldung aus deinem Konto werden die Anmelde-Cookies gel\u00f6scht.<\/p>\n\n\n\n<p>Wenn du einen Artikel bearbeitest oder ver\u00f6ffentlichst, wird ein zus\u00e4tzlicher Cookie in deinem Browser gespeichert. Dieser Cookie enth\u00e4lt keine personenbezogenen Daten und verweist nur auf die Beitrags-ID des Artikels, den du gerade bearbeitet hast. Der Cookie verf\u00e4llt nach einem Tag.<\/p>\n\n\n\n<h3 class=\"wp-block-heading\">Eingebettete Inhalte von anderen Websites<\/h3>\n\n\n\n<p>Beitr\u00e4ge auf dieser Website k\u00f6nnen eingebettete Inhalte beinhalten (z.&nbsp;B. Videos, Bilder, Beitr\u00e4ge etc.). Eingebettete Inhalte von anderen Websites verhalten sich exakt so, als ob der Besucher die andere Website besucht h\u00e4tte.<\/p>\n\n\n\n<p>Diese Websites k\u00f6nnen Daten \u00fcber dich sammeln, Cookies benutzen, zus\u00e4tzliche Tracking-Dienste von Dritten einbetten und deine Interaktion mit diesem eingebetteten Inhalt aufzeichnen, inklusive deiner Interaktion mit dem eingebetteten Inhalt, falls du ein Konto hast und auf dieser Website angemeldet bist.<\/p>\n\n\n\n<h2 class=\"wp-block-heading\">Google Fonts und externe Bilder<\/h2>\n\n\n\n<p>Beim Abruf der Inhalte werden ggf. Google Fonts und extern bei Image-Hostern eingebundene Bilder vom Browser abgerufen. Der Betreiber der Seiten erh\u00e4lt \u2013 aus technischen Gr\u00fcnden \u2013 vom Browser die IP-Adresse mitgeteilt. Auf diese Kommunikation mit einem Drittanbieter habe ich keinen Einfluss und kann auch nicht beurteilen, ob dort nutzerbezogene Auswertungen vorgenommen werden. Die Einbindung der genannten Inhalte in das Angebot des Blogs erfolgt auf Grund berechtigtem Interesse nach Art. 6 Abs. 1 lit. f DSGVO.<\/p>\n\n\n\n<h1 class=\"wp-block-heading\">Analysedienste<\/h1>\n\n\n\n<h3 class=\"wp-block-heading\">Was ist Jetpack?<\/h3>\n\n\n\n<p>Wir verwenden auf unserer Website das WordPress Plug-in Jetpack. Jetpack ist eine Software, die uns unter anderem Webanalysen bereitstellt. Betrieben wird Jetpack von dem Unternehmen Automattic (Inc. 132 Hawthorne Street San Francisco, CA 94107, USA), die f\u00fcr dieses Produkt die Technologie der Firma Quantcast (Inc., 201 3rd St, Floor 2, San Francisco, CA 94103-3153, USA) nutzt. Durch das integrierte Trackingtool werden auch personenbezogene Daten von Ihnen erhoben, gespeichert und verarbeitet. Um welche Daten es sich dabei genau handelt, warum wir Jetpack verwenden und wie Sie diese Datenspeicherung verhindern k\u00f6nnen, zeigen wir Ihnen in dieser Datenschutzerkl\u00e4rung.<\/p>\n\n\n\n<p>Jetpack ist ein Plug-in f\u00fcr WordPress-Websites mit vielen verschiedenen Funktionen und Modulen. All diese Tools helfen uns unserer Website sch\u00f6ner zu gestalten, sicherer zu machen und mehr Besucher hier begr\u00fc\u00dfen zu d\u00fcrfen. So k\u00f6nnen durch das Tool auch verwandte Beitr\u00e4ge angezeigt werden, Inhalte k\u00f6nnen geteilt werden und zudem kann durch Jetpack auch die Ladegeschwindigkeit unserer Website verbessert werden. Alle Funktionen werden von WordPress gehostet und bereitgestellt.<\/p>\n\n\n\n<h3 class=\"wp-block-heading\">Warum verwenden wir Jetpack?<\/h3>\n\n\n\n<p>F\u00fcr uns ist es entscheidend, dass Sie sich auf unserer Website wohl f\u00fchlen und finden, wonach Sie suchen. Nur wenn Sie mit unserer Dienstleistung zufrieden sind, k\u00f6nnen wir erfolgreich sein. Und damit wir wissen, wie und wo wir unsere Website noch verbessern k\u00f6nnen, ben\u00f6tigen wir Informationen. Durch Jetpack sehen wir etwa, wie oft und wie lange Sie auf einer einzelnen Webseite sind oder welche Buttons Sie gerne anklicken. Mithilfe dieser Informationen k\u00f6nnen wir unsere Website verbessern und an Ihre W\u00fcnsche und Vorlieben anpassen.<\/p>\n\n\n\n<h3 class=\"wp-block-heading\">Welche Daten werden von Jetpack gespeichert?<\/h3>\n\n\n\n<p>Speziell durch das eingebaute Trackingtool WordPress.com-Statistik werden auch personenbezogene Daten von Ihnen erfasst, gespeichert und verarbeitet. Damit das Jetpack-Tool auch funktioniert, setzt Jetpack ein Cookie in Ihrem Browser, wenn Sie eine Webseite \u00f6ffnen, die Komponenten des Tools eingebaut hat. Die gesammelten Daten werden mit Automattic synchronisiert und dort gespeichert.<\/p>\n\n\n\n<p>Dabei handelt es sich neben IP-Adresse (wird vor der Speicherung anonymisiert) und Daten zum Userverhalten zum Beispiel um Browsertyp, eindeutige Ger\u00e4tkennung, bevorzugte Sprache, Daten und Uhrzeit des Seiteneintritts, Betriebssystem und Informationen zum mobilen Netzwerk. Jetpack nutzt diese Informationen, um die eigenen Services und Angebote zu verbessern und bessere Einblicke zur Nutzung des eigenen Service zu erhalten. Weiters k\u00f6nnen auch noch folgende Daten synchronisiert und gespeichert werden:<\/p>\n\n\n\n<ul class=\"wp-block-list\">\n<li>Bei Google Ads Kunden werden die E-Mail-Adresse und die physische Adresse des Kontos synchronisiert<\/li>\n\n\n\n<li>Erfolgreiche und missgl\u00fcckte Login-Versuche. Dazu wird auch Ihre IP-Adresse und der User Agent gespeichert<\/li>\n\n\n\n<li>Die Benutzer-IDs, Benutzernamen, E-Mail-Adressen, Rollen und F\u00e4higkeiten der registrierten Benutzer. Aber es werden keine Passw\u00f6rter gespeichert<\/li>\n\n\n\n<li>Die User-ID von Usern, die \u00c4nderungen auf der Website vornehmen<\/li>\n\n\n\n<li>Twitter Username, sofern dieser mit Jetpack konfiguriert wurde<\/li>\n<\/ul>\n\n\n\n<p>Zur Datenspeicherung nutzt Jetpack auch Cookies. Im Folgenden zeigen wir Ihnen ein paar ausgew\u00e4hlte, beispielhafte Cookies, die Jetpack verwendet:<\/p>\n\n\n\n<p><strong>Name:<\/strong>&nbsp;eucookielaw<br><strong>Wert:<\/strong>&nbsp;1613651061376312107697-6<br><strong>Verwendungszweck:<\/strong>&nbsp;Speichert den Status der Zustimmung des Benutzers zur Verwendung von Cookies.<br><strong>Ablaufdatum:<\/strong>&nbsp;nach 180 Tagen<\/p>\n\n\n\n<p><strong>Name:<\/strong>&nbsp;tk_ai<br><strong>Wert:<\/strong>&nbsp;0<br><strong>Verwendungszweck:<\/strong>&nbsp;Dieses Cookie speichert eine zuf\u00e4llig generierte anonyme ID. Es wird nur innerhalb des Administrationsbereichs zum Verfolgen der allgemeinen Analysen verwendet.<br><strong>Ablaufdatum:<\/strong>&nbsp;nach Sitzungsende<\/p>\n\n\n\n<p><strong>Name:<\/strong>&nbsp;tk_tc<br><strong>Wert:<\/strong>&nbsp;E3%2BgJ1Pw6iYKk%2Fvj312107697-3<br><strong>Verwendungszweck:<\/strong>&nbsp;Hier handelt es sich um ein sogenanntes Referral-Cookie. Damit wird die Verbindung zwischen WooCommerce und einer Website mit Jetpack-Plugin analysiert.<br><strong>Ablaufdatum:<\/strong>&nbsp;nach Sitzungsende<\/p>\n\n\n\n<p><strong>Anmerkung:<\/strong>&nbsp;Jetpack verwendet viele unterschiedliche Cookies. Welche Cookies konkret genutzt werden h\u00e4ngt einerseits von den verwendeten Jetpack-Funktionen und andererseits von Ihren Handlungen auf den Webseiten mit integriertem Jetpack-Plug-in ab. Unter&nbsp;<a href=\"https:\/\/de.jetpack.com\/support\/cookies\/?tid=312107697\" target=\"_blank\" rel=\"noreferrer noopener\">https:\/\/de.jetpack.com\/support\/cookies\/<\/a>&nbsp;sehen Sie eine Liste m\u00f6glicher Cookies, die Jetpack einsetzt.<\/p>\n\n\n\n<h3 class=\"wp-block-heading\">Wie lange und wo werden die Daten gespeichert?<\/h3>\n\n\n\n<p>Die gesammelten Daten speichert Automattic solange bis sie f\u00fcr die eigenen Dienste nicht mehr verwendet werden. \u00dcber diesen Zeitraum hinaus werden die Daten nur dann aufbewahrt, wenn das Unternehmen aus gesetzlichen Gr\u00fcnden dazu verpflichtet ist. Protokolle des Webservers wie etwa Ihre IP-Adresse, Browsertyp und Betriebssystem werden nach etwa 30 Tagen gel\u00f6scht. Die Daten werden auf amerikanischen Servern des Unternehmens gespeichert.<\/p>\n\n\n\n<h3 class=\"wp-block-heading\">Wie kann ich meine Daten l\u00f6schen bzw. die Datenspeicherung verhindern?<\/h3>\n\n\n\n<p>Wie oben erw\u00e4hnt nutzt Jetpack Cookies um Daten zu speichern. Wenn Sie nicht wollen, dass Jetpack zuk\u00fcnftig Daten von Ihnen erhebt, k\u00f6nnen Sie unter&nbsp;<a href=\"https:\/\/www.quantcast.com\/opt-out\/?tid=312107697\" target=\"_blank\" rel=\"noreferrer noopener\">https:\/\/www.quantcast.com\/opt-out\/<\/a>&nbsp;ein \u201eOpt-Out\u201c-Cookie anfordern. Quantcast setzt dieses Cookie und damit werden keine Besucherdaten von Ihnen gespeichert. Dies ist solange der Fall, bis Sie dieses Cookie wieder l\u00f6schen.<\/p>\n\n\n\n<p>Alternativ k\u00f6nnen Sie aber auch Cookies einfach in Ihrem Browser nach Belieben selbst verwalten, deaktivieren oder l\u00f6schen. Je nach Browsertyp funktioniert die Cookie-Verwaltung etwas anders. Unter dem Abschnitt \u201eCookies\u201c finden Sie die entsprechenden Links zu den jeweiligen Anleitungen der bekanntesten Browser.<\/p>\n\n\n\n<h3 class=\"wp-block-heading\">Rechtsgrundlage<\/h3>\n\n\n\n<p>Der Einsatz von Jetpack setzt Ihre Einwilligung voraus, welche wir mit unserem Cookie Popup eingeholt haben. Diese Einwilligung stellt laut<strong>&nbsp;Art. 6 Abs. 1 lit. a DSGVO (Einwilligung)<\/strong>&nbsp;die Rechtsgrundlage f\u00fcr die Verarbeitung personenbezogener Daten, wie sie bei der Erfassung durch Web-Analytics Tools vorkommen kann, dar.<\/p>\n\n\n\n<p>Zus\u00e4tzlich zur Einwilligung besteht von unserer Seite ein berechtigtes Interesse daran, dass Verhalten der Websitebesucher zu analysieren und so unser Angebot technisch und wirtschaftlich zu verbessern. Mit Hilfe von Jetpack erkennen wir Fehler der Website, k\u00f6nnen Attacken identifizieren und die Wirtschaftlichkeit verbessern. Die Rechtsgrundlage daf\u00fcr ist&nbsp;<strong>Art. 6 Abs. 1 lit. f DSGVO (Berechtigte Interessen)<\/strong>. Wir setzen Jetpack gleichwohl nur ein, soweit Sie eine Einwilligung erteilt haben.<\/p>\n\n\n\n<p>Jetpack verarbeitet Daten u.a. auch in den USA. Wir weisen darauf hin, dass nach Meinung des Europ\u00e4ischen Gerichtshofs derzeit kein angemessenes Schutzniveau f\u00fcr den Datentransfer in die USA besteht. Dies kann mit verschiedenen Risiken f\u00fcr die Rechtm\u00e4\u00dfigkeit und Sicherheit der Datenverarbeitung einhergehen.<\/p>\n\n\n\n<p>Als Grundlage der Datenverarbeitung bei Empf\u00e4ngern mit Sitz in Drittstaaten (au\u00dferhalb der Europ\u00e4ischen Union, Island, Liechtenstein, Norwegen, also insbesondere in den USA) oder einer Datenweitergabe dorthin verwendet Jetpack von der EU-Kommission genehmigte Standardvertragsklauseln (= Art. 46. Abs. 2 und 3 DSGVO). Diese Klauseln verpflichten Jetpack, das EU-Datenschutzniveau bei der Verarbeitung relevanter Daten auch au\u00dferhalb der EU einzuhalten. Diese Klauseln basieren auf einem Durchf\u00fchrungsbeschluss der EU-Kommission. Sie finden den Beschluss sowie die Klauseln u.a. hier:&nbsp;<a href=\"https:\/\/germany.representation.ec.europa.eu\/index_de\" target=\"_blank\" rel=\"noreferrer noopener\">https:\/\/germany.representation.ec.europa.eu\/index_de<\/a>.<\/p>\n\n\n\n<p>Wenn Sie mehr \u00fcber die Datenschutzrichtlinien und die Verarbeitung der Daten durch Jetpack bzw. Automattic erfahren wollen, empfehlen wir Ihnen die Datenschutzerkl\u00e4rung unter&nbsp;<a href=\"https:\/\/automattic.com\/privacy\/?tid=312107697\" target=\"_blank\" rel=\"noreferrer noopener\">https:\/\/automattic.com\/privacy\/<\/a>, die Cookie-Richtlinien unter&nbsp;<a href=\"https:\/\/automattic.com\/cookies\/\" target=\"_blank\" rel=\"noreferrer noopener\">https:\/\/automattic.com\/cookies\/<\/a>und auch die Informationsseite&nbsp;<a href=\"https:\/\/jetpack.com\/support\/what-data-does-jetpack-sync\/\" target=\"_blank\" rel=\"noreferrer noopener\">https:\/\/jetpack.com\/support\/what-data-does-jetpack-sync\/<\/a>. Wir hoffen wir konnten Ihnen einen guten Einblick in die Datenverarbeitung durch Jetpack geben.<\/p>\n\n\n\n<p>Alle Texte sind urheberrechtlich gesch\u00fctzt.<\/p>\n\n\n\n<p>Quelle: Erstellt mit dem&nbsp;<a href=\"https:\/\/www.adsimple.de\/datenschutz-generator\/\">Datenschutz Generator<\/a>&nbsp;von AdSimple<\/p>\n\n\n\n<h2 class=\"wp-block-heading\">Wie lange wir deine Daten speichern<\/h2>\n\n\n\n<p>Wenn du einen Kommentar schreibst, wird dieser inklusive Metadaten zeitlich unbegrenzt gespeichert. Auf diese Art k\u00f6nnen wir Folgekommentare automatisch erkennen und freigeben, anstelle sie in einer Moderations-Warteschlange festzuhalten.<\/p>\n\n\n\n<p>F\u00fcr Benutzer, die sich auf unserer Website registrieren, speichern wir zus\u00e4tzlich die pers\u00f6nlichen Informationen, die sie in ihren Benutzerprofilen angeben. Alle Benutzer k\u00f6nnen jederzeit ihre pers\u00f6nlichen Informationen einsehen, ver\u00e4ndern oder l\u00f6schen (der Benutzername kann nicht ver\u00e4ndert werden). Administratoren der Website k\u00f6nnen diese Informationen ebenfalls einsehen und ver\u00e4ndern.<\/p>\n\n\n\n<h2 class=\"wp-block-heading\">Welche Rechte du an deinen Daten hast<\/h2>\n\n\n\n<p>Wenn du ein Konto auf dieser Website besitzt oder Kommentare geschrieben hast, kannst du einen Export deiner personenbezogenen Daten bei uns anfordern, inklusive aller Daten, die du uns mitgeteilt hast. Dar\u00fcber hinaus kannst du die L\u00f6schung aller personenbezogenen Daten, die wir von dir gespeichert haben, anfordern. Dies umfasst nicht die Daten, die wir aufgrund administrativer, rechtlicher oder sicherheitsrelevanter Notwendigkeiten aufbewahren m\u00fcssen.<\/p>\n\n\n\n<h2 class=\"wp-block-heading\">Wohin wir deine Daten senden<\/h2>\n\n\n\n<p>Besucher-Kommentare k\u00f6nnten von einem automatisierten Dienst zur Spam-Erkennung untersucht werden.<\/p>\n","protected":false},"excerpt":{"rendered":"<p>Server powered by hetzner.de Wer wir sind Die Adresse unserer Website ist: https:\/\/blog.koeckeis-fresel.net. Welche personenbezogenen Daten wir sammeln und warum wir sie sammeln Kommentare Wenn Besucher Kommentare auf der Website schreiben, sammeln wir die Daten, die im Kommentar-Formular angezeigt werden, au\u00dferdem die IP-Adresse des Besuchers und den User-Agent-String (damit wird der Browser identifiziert), um die [&hellip;]<\/p>\n","protected":false},"author":1,"featured_media":0,"parent":0,"menu_order":0,"comment_status":"closed","ping_status":"closed","template":"","meta":{"advanced_seo_description":"","jetpack_seo_html_title":"","jetpack_seo_noindex":false,"footnotes":""},"class_list":["post-3","page","type-page","status-publish","hentry"],"jetpack_sharing_enabled":true,"jetpack_likes_enabled":true,"jetpack-related-posts":[{"id":31,"url":"https:\/\/blog.koeckeis-fresel.net\/?page_id=31","url_meta":{"origin":3,"position":0},"title":"Imprint","author":"mf","date":"2019-04-01","format":false,"excerpt":"Server powered by hetzner.de Server protected by SafeLine Offenlegung nach \u00a7 25 Mediengesetz Koeckeis-Fresel Michal 1190 Wien blog -AT- koeckeis-fresel {.} net Alle Informationen beruhen auf Quellen, die ich f\u00fcr glaubw\u00fcrdig halte. Die in den Artikeln vertretenen Ansichten geben ausschlie\u00dflich meine Meinung wieder. Trotz sorgf\u00e4ltiger Bearbeitung \u00fcbernehme ich f\u00fcr die\u2026","rel":"","context":"Similar post","block_context":{"text":"Similar post","link":""},"img":{"alt_text":"","src":"","width":0,"height":0},"classes":[]}],"_links":{"self":[{"href":"https:\/\/blog.koeckeis-fresel.net\/index.php?rest_route=\/wp\/v2\/pages\/3","targetHints":{"allow":["GET"]}}],"collection":[{"href":"https:\/\/blog.koeckeis-fresel.net\/index.php?rest_route=\/wp\/v2\/pages"}],"about":[{"href":"https:\/\/blog.koeckeis-fresel.net\/index.php?rest_route=\/wp\/v2\/types\/page"}],"author":[{"embeddable":true,"href":"https:\/\/blog.koeckeis-fresel.net\/index.php?rest_route=\/wp\/v2\/users\/1"}],"replies":[{"embeddable":true,"href":"https:\/\/blog.koeckeis-fresel.net\/index.php?rest_route=%2Fwp%2Fv2%2Fcomments&post=3"}],"version-history":[{"count":4,"href":"https:\/\/blog.koeckeis-fresel.net\/index.php?rest_route=\/wp\/v2\/pages\/3\/revisions"}],"predecessor-version":[{"id":834,"href":"https:\/\/blog.koeckeis-fresel.net\/index.php?rest_route=\/wp\/v2\/pages\/3\/revisions\/834"}],"wp:attachment":[{"href":"https:\/\/blog.koeckeis-fresel.net\/index.php?rest_route=%2Fwp%2Fv2%2Fmedia&parent=3"}],"curies":[{"name":"wp","href":"https:\/\/api.w.org\/{rel}","templated":true}]}}